{"id":36,"date":"2024-02-17T19:31:00","date_gmt":"2024-02-17T18:31:00","guid":{"rendered":"https:\/\/atelierdepassage.com\/?page_id=36"},"modified":"2024-04-05T13:09:12","modified_gmt":"2024-04-05T11:09:12","slug":"contact","status":"publish","type":"page","link":"https:\/\/atelierdepassage.com\/index.php\/contact\/","title":{"rendered":"Contact"},"content":{"rendered":"\t\t<div data-elementor-type=\"wp-page\" data-elementor-id=\"36\" class=\"elementor elementor-36\">\n\t\t\t\t<div class=\"elementor-element elementor-element-73f79ca9 e-con-full e-flex e-con e-parent\" data-id=\"73f79ca9\" data-element_type=\"container\" data-core-v316-plus=\"true\">\n\t\t\t\t<div class=\"elementor-element elementor-element-cc15789 elementor-widget__width-initial elementor-widget elementor-widget-text-editor\" data-id=\"cc15789\" data-element_type=\"widget\" data-widget_type=\"text-editor.default\">\n\t\t\t\t<div class=\"elementor-widget-container\">\n\t\t\t<style>\/*! elementor - v3.20.0 - 10-04-2024 *\/\n.elementor-widget-text-editor.elementor-drop-cap-view-stacked .elementor-drop-cap{background-color:#69727d;color:#fff}.elementor-widget-text-editor.elementor-drop-cap-view-framed .elementor-drop-cap{color:#69727d;border:3px solid;background-color:transparent}.elementor-widget-text-editor:not(.elementor-drop-cap-view-default) .elementor-drop-cap{margin-top:8px}.elementor-widget-text-editor:not(.elementor-drop-cap-view-default) .elementor-drop-cap-letter{width:1em;height:1em}.elementor-widget-text-editor .elementor-drop-cap{float:left;text-align:center;line-height:1;font-size:50px}.elementor-widget-text-editor .elementor-drop-cap-letter{display:inline-block}<\/style>\t\t\t\t<p><!-- wp:paragraph --><\/p><p>\u00a0<\/p><p>\u00a0<\/p><p>\u00a0<\/p><p>Pour toute question relative aux commandes ou \u00e0 des projets personnalis\u00e9s, vous pouvez me contacter par mail \u00e0 l&rsquo;adresse suivante:<\/p><h4><strong>atelierdepassage@gmail.com<\/strong><\/h4><p><!-- \/wp:paragraph --><\/p>\t\t\t\t\t\t<\/div>\n\t\t\t\t<\/div>\n\t\t\t\t<\/div>\n\t\t\t\t<\/div>\n\t\t","protected":false},"excerpt":{"rendered":"<p>\u00a0 \u00a0 \u00a0 Pour toute question relative aux commandes ou \u00e0 des projets personnalis\u00e9s, vous pouvez me contacter par mail \u00e0 l&rsquo;adresse suivante: atelierdepassage@gmail.com<\/p>\n","protected":false},"author":1,"featured_media":0,"parent":0,"menu_order":0,"comment_status":"closed","ping_status":"closed","template":"","meta":{"ocean_post_layout":"","ocean_both_sidebars_style":"","ocean_both_sidebars_content_width":0,"ocean_both_sidebars_sidebars_width":0,"ocean_sidebar":"","ocean_second_sidebar":"","ocean_disable_margins":"enable","ocean_add_body_class":"","ocean_shortcode_before_top_bar":"","ocean_shortcode_after_top_bar":"","ocean_shortcode_before_header":"","ocean_shortcode_after_header":"","ocean_has_shortcode":"","ocean_shortcode_after_title":"","ocean_shortcode_before_footer_widgets":"","ocean_shortcode_after_footer_widgets":"","ocean_shortcode_before_footer_bottom":"","ocean_shortcode_after_footer_bottom":"","ocean_display_top_bar":"default","ocean_display_header":"default","ocean_header_style":"","ocean_center_header_left_menu":"","ocean_custom_header_template":"","ocean_custom_logo":0,"ocean_custom_retina_logo":0,"ocean_custom_logo_max_width":0,"ocean_custom_logo_tablet_max_width":0,"ocean_custom_logo_mobile_max_width":0,"ocean_custom_logo_max_height":0,"ocean_custom_logo_tablet_max_height":0,"ocean_custom_logo_mobile_max_height":0,"ocean_header_custom_menu":"","ocean_menu_typo_font_family":"","ocean_menu_typo_font_subset":"","ocean_menu_typo_font_size":0,"ocean_menu_typo_font_size_tablet":0,"ocean_menu_typo_font_size_mobile":0,"ocean_menu_typo_font_size_unit":"px","ocean_menu_typo_font_weight":"","ocean_menu_typo_font_weight_tablet":"","ocean_menu_typo_font_weight_mobile":"","ocean_menu_typo_transform":"","ocean_menu_typo_transform_tablet":"","ocean_menu_typo_transform_mobile":"","ocean_menu_typo_line_height":0,"ocean_menu_typo_line_height_tablet":0,"ocean_menu_typo_line_height_mobile":0,"ocean_menu_typo_line_height_unit":"","ocean_menu_typo_spacing":0,"ocean_menu_typo_spacing_tablet":0,"ocean_menu_typo_spacing_mobile":0,"ocean_menu_typo_spacing_unit":"","ocean_menu_link_color":"","ocean_menu_link_color_hover":"","ocean_menu_link_color_active":"","ocean_menu_link_background":"","ocean_menu_link_hover_background":"","ocean_menu_link_active_background":"","ocean_menu_social_links_bg":"","ocean_menu_social_hover_links_bg":"","ocean_menu_social_links_color":"","ocean_menu_social_hover_links_color":"","ocean_disable_title":"default","ocean_disable_heading":"default","ocean_post_title":"","ocean_post_subheading":"","ocean_post_title_style":"","ocean_post_title_background_color":"","ocean_post_title_background":0,"ocean_post_title_bg_image_position":"","ocean_post_title_bg_image_attachment":"","ocean_post_title_bg_image_repeat":"","ocean_post_title_bg_image_size":"","ocean_post_title_height":0,"ocean_post_title_bg_overlay":0.5,"ocean_post_title_bg_overlay_color":"","ocean_disable_breadcrumbs":"default","ocean_breadcrumbs_color":"","ocean_breadcrumbs_separator_color":"","ocean_breadcrumbs_links_color":"","ocean_breadcrumbs_links_hover_color":"","ocean_display_footer_widgets":"default","ocean_display_footer_bottom":"default","ocean_custom_footer_template":"","footnotes":""},"yoast_head":"<!-- This site is optimized with the Yoast SEO plugin v22.8 - https:\/\/yoast.com\/wordpress\/plugins\/seo\/ -->\n<title>Contact - atelierdepassage<\/title>\n<meta name=\"robots\" content=\"index, follow, max-snippet:-1, max-image-preview:large, max-video-preview:-1\" \/>\n<link rel=\"canonical\" href=\"https:\/\/atelierdepassage.com\/index.php\/contact\/\" \/>\n<meta property=\"og:locale\" content=\"fr_FR\" \/>\n<meta property=\"og:type\" content=\"article\" \/>\n<meta property=\"og:title\" content=\"Contact - atelierdepassage\" \/>\n<meta property=\"og:description\" content=\"\u00a0 \u00a0 \u00a0 Pour toute question relative aux commandes ou \u00e0 des projets personnalis\u00e9s, vous pouvez me contacter par mail \u00e0 l&rsquo;adresse suivante: atelierdepassage@gmail.com\" \/>\n<meta property=\"og:url\" content=\"https:\/\/atelierdepassage.com\/index.php\/contact\/\" \/>\n<meta property=\"og:site_name\" content=\"atelierdepassage\" \/>\n<meta property=\"article:modified_time\" content=\"2024-04-05T11:09:12+00:00\" \/>\n<meta name=\"twitter:card\" content=\"summary_large_image\" \/>\n<meta name=\"twitter:label1\" content=\"Dur\u00e9e de lecture estim\u00e9e\" \/>\n\t<meta name=\"twitter:data1\" content=\"1 minute\" \/>\n<script type=\"application\/ld+json\" class=\"yoast-schema-graph\">{\"@context\":\"https:\/\/schema.org\",\"@graph\":[{\"@type\":\"WebPage\",\"@id\":\"https:\/\/atelierdepassage.com\/index.php\/contact\/\",\"url\":\"https:\/\/atelierdepassage.com\/index.php\/contact\/\",\"name\":\"Contact - atelierdepassage\",\"isPartOf\":{\"@id\":\"https:\/\/atelierdepassage.com\/#website\"},\"datePublished\":\"2024-02-17T18:31:00+00:00\",\"dateModified\":\"2024-04-05T11:09:12+00:00\",\"breadcrumb\":{\"@id\":\"https:\/\/atelierdepassage.com\/index.php\/contact\/#breadcrumb\"},\"inLanguage\":\"fr-FR\",\"potentialAction\":[{\"@type\":\"ReadAction\",\"target\":[\"https:\/\/atelierdepassage.com\/index.php\/contact\/\"]}]},{\"@type\":\"BreadcrumbList\",\"@id\":\"https:\/\/atelierdepassage.com\/index.php\/contact\/#breadcrumb\",\"itemListElement\":[{\"@type\":\"ListItem\",\"position\":1,\"name\":\"Accueil\",\"item\":\"https:\/\/atelierdepassage.com\/\"},{\"@type\":\"ListItem\",\"position\":2,\"name\":\"Contact\"}]},{\"@type\":\"WebSite\",\"@id\":\"https:\/\/atelierdepassage.com\/#website\",\"url\":\"https:\/\/atelierdepassage.com\/\",\"name\":\"atelierdepassage\",\"description\":\"\",\"publisher\":{\"@id\":\"https:\/\/atelierdepassage.com\/#organization\"},\"potentialAction\":[{\"@type\":\"SearchAction\",\"target\":{\"@type\":\"EntryPoint\",\"urlTemplate\":\"https:\/\/atelierdepassage.com\/?s={search_term_string}\"},\"query-input\":\"required name=search_term_string\"}],\"inLanguage\":\"fr-FR\"},{\"@type\":\"Organization\",\"@id\":\"https:\/\/atelierdepassage.com\/#organization\",\"name\":\"atelierdepassage\",\"url\":\"https:\/\/atelierdepassage.com\/\",\"logo\":{\"@type\":\"ImageObject\",\"inLanguage\":\"fr-FR\",\"@id\":\"https:\/\/atelierdepassage.com\/#\/schema\/logo\/image\/\",\"url\":\"https:\/\/atelierdepassage.com\/wp-content\/uploads\/2024\/03\/cropped-logoadppetit.jpg\",\"contentUrl\":\"https:\/\/atelierdepassage.com\/wp-content\/uploads\/2024\/03\/cropped-logoadppetit.jpg\",\"width\":999,\"height\":989,\"caption\":\"atelierdepassage\"},\"image\":{\"@id\":\"https:\/\/atelierdepassage.com\/#\/schema\/logo\/image\/\"}}]}<\/script>\n<!-- \/ Yoast SEO plugin. -->","yoast_head_json":{"title":"Contact - atelierdepassage","robots":{"index":"index","follow":"follow","max-snippet":"max-snippet:-1","max-image-preview":"max-image-preview:large","max-video-preview":"max-video-preview:-1"},"canonical":"https:\/\/atelierdepassage.com\/index.php\/contact\/","og_locale":"fr_FR","og_type":"article","og_title":"Contact - atelierdepassage","og_description":"\u00a0 \u00a0 \u00a0 Pour toute question relative aux commandes ou \u00e0 des projets personnalis\u00e9s, vous pouvez me contacter par mail \u00e0 l&rsquo;adresse suivante: atelierdepassage@gmail.com","og_url":"https:\/\/atelierdepassage.com\/index.php\/contact\/","og_site_name":"atelierdepassage","article_modified_time":"2024-04-05T11:09:12+00:00","twitter_card":"summary_large_image","twitter_misc":{"Dur\u00e9e de lecture estim\u00e9e":"1 minute"},"schema":{"@context":"https:\/\/schema.org","@graph":[{"@type":"WebPage","@id":"https:\/\/atelierdepassage.com\/index.php\/contact\/","url":"https:\/\/atelierdepassage.com\/index.php\/contact\/","name":"Contact - atelierdepassage","isPartOf":{"@id":"https:\/\/atelierdepassage.com\/#website"},"datePublished":"2024-02-17T18:31:00+00:00","dateModified":"2024-04-05T11:09:12+00:00","breadcrumb":{"@id":"https:\/\/atelierdepassage.com\/index.php\/contact\/#breadcrumb"},"inLanguage":"fr-FR","potentialAction":[{"@type":"ReadAction","target":["https:\/\/atelierdepassage.com\/index.php\/contact\/"]}]},{"@type":"BreadcrumbList","@id":"https:\/\/atelierdepassage.com\/index.php\/contact\/#breadcrumb","itemListElement":[{"@type":"ListItem","position":1,"name":"Accueil","item":"https:\/\/atelierdepassage.com\/"},{"@type":"ListItem","position":2,"name":"Contact"}]},{"@type":"WebSite","@id":"https:\/\/atelierdepassage.com\/#website","url":"https:\/\/atelierdepassage.com\/","name":"atelierdepassage","description":"","publisher":{"@id":"https:\/\/atelierdepassage.com\/#organization"},"potentialAction":[{"@type":"SearchAction","target":{"@type":"EntryPoint","urlTemplate":"https:\/\/atelierdepassage.com\/?s={search_term_string}"},"query-input":"required name=search_term_string"}],"inLanguage":"fr-FR"},{"@type":"Organization","@id":"https:\/\/atelierdepassage.com\/#organization","name":"atelierdepassage","url":"https:\/\/atelierdepassage.com\/","logo":{"@type":"ImageObject","inLanguage":"fr-FR","@id":"https:\/\/atelierdepassage.com\/#\/schema\/logo\/image\/","url":"https:\/\/atelierdepassage.com\/wp-content\/uploads\/2024\/03\/cropped-logoadppetit.jpg","contentUrl":"https:\/\/atelierdepassage.com\/wp-content\/uploads\/2024\/03\/cropped-logoadppetit.jpg","width":999,"height":989,"caption":"atelierdepassage"},"image":{"@id":"https:\/\/atelierdepassage.com\/#\/schema\/logo\/image\/"}}]}},"_links":{"self":[{"href":"https:\/\/atelierdepassage.com\/index.php\/wp-json\/wp\/v2\/pages\/36"}],"collection":[{"href":"https:\/\/atelierdepassage.com\/index.php\/wp-json\/wp\/v2\/pages"}],"about":[{"href":"https:\/\/atelierdepassage.com\/index.php\/wp-json\/wp\/v2\/types\/page"}],"author":[{"embeddable":true,"href":"https:\/\/atelierdepassage.com\/index.php\/wp-json\/wp\/v2\/users\/1"}],"replies":[{"embeddable":true,"href":"https:\/\/atelierdepassage.com\/index.php\/wp-json\/wp\/v2\/comments?post=36"}],"version-history":[{"count":4,"href":"https:\/\/atelierdepassage.com\/index.php\/wp-json\/wp\/v2\/pages\/36\/revisions"}],"predecessor-version":[{"id":411,"href":"https:\/\/atelierdepassage.com\/index.php\/wp-json\/wp\/v2\/pages\/36\/revisions\/411"}],"wp:attachment":[{"href":"https:\/\/atelierdepassage.com\/index.php\/wp-json\/wp\/v2\/media?parent=36"}],"curies":[{"name":"wp","href":"https:\/\/api.w.org\/{rel}","templated":true}]}}