{"id":94,"date":"2024-02-03T14:49:17","date_gmt":"2024-02-03T13:49:17","guid":{"rendered":"https:\/\/atelierdepassage.com\/?post_type=product&#038;p=94"},"modified":"2024-04-03T17:40:45","modified_gmt":"2024-04-03T15:40:45","slug":"martin-pecheur","status":"publish","type":"product","link":"https:\/\/atelierdepassage.com\/index.php\/produit\/martin-pecheur\/","title":{"rendered":"Martin p\u00eacheur n\u00b01"},"content":{"rendered":"","protected":false},"excerpt":{"rendered":"<p class=\"p1\">Cette tapisserie a \u00e9t\u00e9 fabriqu\u00e9e enti\u00e8rement \u00e0 la main, \u00e0 l\u2019aide d\u2019un pistolet \u00e0 touffeter \u00e0 brins coup\u00e9s (tufting gun, cut-pile) et 100% en laine. Le dos est recouvert de feutrine dont les bordures sont cousues \u00e0 la main pour une finition parfaite. Chaque pi\u00e8ce est \u00e9galement munie d\u2019un d\u00e9 cousu au dos pour l\u2019exposer facilement au mur.<\/p>\n<p class=\"p1\"><strong>Les mesures sont de<span class=\"Apple-converted-space\"> 44x38cm <\/span><\/strong>(+\/- 1cm)<\/p>\n<p class=\"p1\">Chaque pi\u00e8ce est unique et les reproductions -sur commande- pourront pr\u00e9senter de petites diff\u00e9rences avec l\u2019original.<\/p>\n<p class=\"p1\">Pour toute commande d\u2019une pi\u00e8ce (non disponible en stock), compter 3 \u00e0 5 semaines pour la fabrication.<\/p>\n<p class=\"p1\">Ne pas passer en machine ou \u00e0 l\u2019aspirateur. En cas de besoin, nettoyer d\u00e9licatement avec un linge humide (pas de produits d\u00e9tergents) ou passer un rouleau adh\u00e9sif pour textiles. Le transport peut aplatir ou d\u00e9former l\u00e9g\u00e8rement la laine, n\u2019h\u00e9sitez pas \u00e0 la r\u00e9arranger \u00e0 la main!<span class=\"Apple-converted-space\">\u00a0<\/span><\/p>\n<p class=\"p1\">Toute vente est d\u00e9finitive<\/p>\n","protected":false},"featured_media":98,"comment_status":"closed","ping_status":"closed","template":"","meta":{"ocean_post_layout":"","ocean_both_sidebars_style":"","ocean_both_sidebars_content_width":0,"ocean_both_sidebars_sidebars_width":0,"ocean_sidebar":"0","ocean_second_sidebar":"0","ocean_disable_margins":"enable","ocean_add_body_class":"","ocean_shortcode_before_top_bar":"","ocean_shortcode_after_top_bar":"","ocean_shortcode_before_header":"","ocean_shortcode_after_header":"","ocean_has_shortcode":"","ocean_shortcode_after_title":"","ocean_shortcode_before_footer_widgets":"","ocean_shortcode_after_footer_widgets":"","ocean_shortcode_before_footer_bottom":"","ocean_shortcode_after_footer_bottom":"","ocean_display_top_bar":"default","ocean_display_header":"default","ocean_header_style":"","ocean_center_header_left_menu":"0","ocean_custom_header_template":"0","ocean_custom_logo":0,"ocean_custom_retina_logo":0,"ocean_custom_logo_max_width":0,"ocean_custom_logo_tablet_max_width":0,"ocean_custom_logo_mobile_max_width":0,"ocean_custom_logo_max_height":0,"ocean_custom_logo_tablet_max_height":0,"ocean_custom_logo_mobile_max_height":0,"ocean_header_custom_menu":"0","ocean_menu_typo_font_family":"0","ocean_menu_typo_font_subset":"","ocean_menu_typo_font_size":0,"ocean_menu_typo_font_size_tablet":0,"ocean_menu_typo_font_size_mobile":0,"ocean_menu_typo_font_size_unit":"px","ocean_menu_typo_font_weight":"","ocean_menu_typo_font_weight_tablet":"","ocean_menu_typo_font_weight_mobile":"","ocean_menu_typo_transform":"","ocean_menu_typo_transform_tablet":"","ocean_menu_typo_transform_mobile":"","ocean_menu_typo_line_height":0,"ocean_menu_typo_line_height_tablet":0,"ocean_menu_typo_line_height_mobile":0,"ocean_menu_typo_line_height_unit":"","ocean_menu_typo_spacing":0,"ocean_menu_typo_spacing_tablet":0,"ocean_menu_typo_spacing_mobile":0,"ocean_menu_typo_spacing_unit":"","ocean_menu_link_color":"","ocean_menu_link_color_hover":"","ocean_menu_link_color_active":"","ocean_menu_link_background":"","ocean_menu_link_hover_background":"","ocean_menu_link_active_background":"","ocean_menu_social_links_bg":"","ocean_menu_social_hover_links_bg":"","ocean_menu_social_links_color":"","ocean_menu_social_hover_links_color":"","ocean_disable_title":"default","ocean_disable_heading":"default","ocean_post_title":"","ocean_post_subheading":"","ocean_post_title_style":"","ocean_post_title_background_color":"","ocean_post_title_background":0,"ocean_post_title_bg_image_position":"","ocean_post_title_bg_image_attachment":"","ocean_post_title_bg_image_repeat":"","ocean_post_title_bg_image_size":"","ocean_post_title_height":0,"ocean_post_title_bg_overlay":0.5,"ocean_post_title_bg_overlay_color":"","ocean_disable_breadcrumbs":"default","ocean_breadcrumbs_color":"","ocean_breadcrumbs_separator_color":"","ocean_breadcrumbs_links_color":"","ocean_breadcrumbs_links_hover_color":"","ocean_display_footer_widgets":"default","ocean_display_footer_bottom":"default","ocean_custom_footer_template":"0"},"product_cat":[20,18],"product_tag":[],"yoast_head":"<!-- This site is optimized with the Yoast SEO plugin v22.8 - https:\/\/yoast.com\/wordpress\/plugins\/seo\/ -->\n<title>Martin p\u00eacheur n\u00b01 - atelierdepassage<\/title>\n<meta name=\"robots\" content=\"index, follow, max-snippet:-1, max-image-preview:large, max-video-preview:-1\" \/>\n<link rel=\"canonical\" href=\"https:\/\/atelierdepassage.com\/index.php\/produit\/martin-pecheur\/\" \/>\n<meta property=\"og:locale\" content=\"fr_FR\" \/>\n<meta property=\"og:type\" content=\"article\" \/>\n<meta property=\"og:title\" content=\"Martin p\u00eacheur n\u00b01 - atelierdepassage\" \/>\n<meta property=\"og:description\" content=\"Cette tapisserie a \u00e9t\u00e9 fabriqu\u00e9e enti\u00e8rement \u00e0 la main, \u00e0 l\u2019aide d\u2019un pistolet \u00e0 touffeter \u00e0 brins coup\u00e9s (tufting gun, cut-pile) et 100% en laine. Le dos est recouvert de feutrine dont les bordures sont cousues \u00e0 la main pour une finition parfaite. Chaque pi\u00e8ce est \u00e9galement munie d\u2019un d\u00e9 cousu au dos pour l\u2019exposer facilement au mur. Les mesures sont de 44x38cm (+\/- 1cm) Chaque pi\u00e8ce est unique et les reproductions -sur commande- pourront pr\u00e9senter de petites diff\u00e9rences avec l\u2019original. Pour toute commande d\u2019une pi\u00e8ce (non disponible en stock), compter 3 \u00e0 5 semaines pour la fabrication. Ne pas passer en machine ou \u00e0 l\u2019aspirateur. En cas de besoin, nettoyer d\u00e9licatement avec un linge humide (pas de produits d\u00e9tergents) ou passer un rouleau adh\u00e9sif pour textiles. Le transport peut aplatir ou d\u00e9former l\u00e9g\u00e8rement la laine, n\u2019h\u00e9sitez pas \u00e0 la r\u00e9arranger \u00e0 la main!\u00a0 Toute vente est d\u00e9finitive\" \/>\n<meta property=\"og:url\" content=\"https:\/\/atelierdepassage.com\/index.php\/produit\/martin-pecheur\/\" \/>\n<meta property=\"og:site_name\" content=\"atelierdepassage\" \/>\n<meta property=\"article:modified_time\" content=\"2024-04-03T15:40:45+00:00\" \/>\n<meta property=\"og:image\" content=\"https:\/\/atelierdepassage.com\/wp-content\/uploads\/2024\/03\/oiseaurosemedsite-scaled.jpg\" \/>\n\t<meta property=\"og:image:width\" content=\"2048\" \/>\n\t<meta property=\"og:image:height\" content=\"2560\" \/>\n\t<meta property=\"og:image:type\" content=\"image\/jpeg\" \/>\n<meta name=\"twitter:card\" content=\"summary_large_image\" \/>\n<meta name=\"twitter:label1\" content=\"Dur\u00e9e de lecture estim\u00e9e\" \/>\n\t<meta name=\"twitter:data1\" content=\"1 minute\" \/>\n<script type=\"application\/ld+json\" class=\"yoast-schema-graph\">{\"@context\":\"https:\/\/schema.org\",\"@graph\":[{\"@type\":\"WebPage\",\"@id\":\"https:\/\/atelierdepassage.com\/index.php\/produit\/martin-pecheur\/\",\"url\":\"https:\/\/atelierdepassage.com\/index.php\/produit\/martin-pecheur\/\",\"name\":\"Martin p\u00eacheur n\u00b01 - atelierdepassage\",\"isPartOf\":{\"@id\":\"https:\/\/atelierdepassage.com\/#website\"},\"primaryImageOfPage\":{\"@id\":\"https:\/\/atelierdepassage.com\/index.php\/produit\/martin-pecheur\/#primaryimage\"},\"image\":{\"@id\":\"https:\/\/atelierdepassage.com\/index.php\/produit\/martin-pecheur\/#primaryimage\"},\"thumbnailUrl\":\"https:\/\/atelierdepassage.com\/wp-content\/uploads\/2024\/03\/oiseaurosemedsite-scaled.jpg\",\"datePublished\":\"2024-02-03T13:49:17+00:00\",\"dateModified\":\"2024-04-03T15:40:45+00:00\",\"breadcrumb\":{\"@id\":\"https:\/\/atelierdepassage.com\/index.php\/produit\/martin-pecheur\/#breadcrumb\"},\"inLanguage\":\"fr-FR\",\"potentialAction\":[{\"@type\":\"ReadAction\",\"target\":[\"https:\/\/atelierdepassage.com\/index.php\/produit\/martin-pecheur\/\"]}]},{\"@type\":\"ImageObject\",\"inLanguage\":\"fr-FR\",\"@id\":\"https:\/\/atelierdepassage.com\/index.php\/produit\/martin-pecheur\/#primaryimage\",\"url\":\"https:\/\/atelierdepassage.com\/wp-content\/uploads\/2024\/03\/oiseaurosemedsite-scaled.jpg\",\"contentUrl\":\"https:\/\/atelierdepassage.com\/wp-content\/uploads\/2024\/03\/oiseaurosemedsite-scaled.jpg\",\"width\":2048,\"height\":2560},{\"@type\":\"BreadcrumbList\",\"@id\":\"https:\/\/atelierdepassage.com\/index.php\/produit\/martin-pecheur\/#breadcrumb\",\"itemListElement\":[{\"@type\":\"ListItem\",\"position\":1,\"name\":\"Accueil\",\"item\":\"https:\/\/atelierdepassage.com\/\"},{\"@type\":\"ListItem\",\"position\":2,\"name\":\"Boutique\",\"item\":\"https:\/\/atelierdepassage.com\/index.php\/boutique\/\"},{\"@type\":\"ListItem\",\"position\":3,\"name\":\"Martin p\u00eacheur n\u00b01\"}]},{\"@type\":\"WebSite\",\"@id\":\"https:\/\/atelierdepassage.com\/#website\",\"url\":\"https:\/\/atelierdepassage.com\/\",\"name\":\"atelierdepassage\",\"description\":\"\",\"publisher\":{\"@id\":\"https:\/\/atelierdepassage.com\/#organization\"},\"potentialAction\":[{\"@type\":\"SearchAction\",\"target\":{\"@type\":\"EntryPoint\",\"urlTemplate\":\"https:\/\/atelierdepassage.com\/?s={search_term_string}\"},\"query-input\":\"required name=search_term_string\"}],\"inLanguage\":\"fr-FR\"},{\"@type\":\"Organization\",\"@id\":\"https:\/\/atelierdepassage.com\/#organization\",\"name\":\"atelierdepassage\",\"url\":\"https:\/\/atelierdepassage.com\/\",\"logo\":{\"@type\":\"ImageObject\",\"inLanguage\":\"fr-FR\",\"@id\":\"https:\/\/atelierdepassage.com\/#\/schema\/logo\/image\/\",\"url\":\"https:\/\/atelierdepassage.com\/wp-content\/uploads\/2024\/03\/cropped-logoadppetit.jpg\",\"contentUrl\":\"https:\/\/atelierdepassage.com\/wp-content\/uploads\/2024\/03\/cropped-logoadppetit.jpg\",\"width\":999,\"height\":989,\"caption\":\"atelierdepassage\"},\"image\":{\"@id\":\"https:\/\/atelierdepassage.com\/#\/schema\/logo\/image\/\"}}]}<\/script>\n<!-- \/ Yoast SEO plugin. -->","yoast_head_json":{"title":"Martin p\u00eacheur n\u00b01 - atelierdepassage","robots":{"index":"index","follow":"follow","max-snippet":"max-snippet:-1","max-image-preview":"max-image-preview:large","max-video-preview":"max-video-preview:-1"},"canonical":"https:\/\/atelierdepassage.com\/index.php\/produit\/martin-pecheur\/","og_locale":"fr_FR","og_type":"article","og_title":"Martin p\u00eacheur n\u00b01 - atelierdepassage","og_description":"Cette tapisserie a \u00e9t\u00e9 fabriqu\u00e9e enti\u00e8rement \u00e0 la main, \u00e0 l\u2019aide d\u2019un pistolet \u00e0 touffeter \u00e0 brins coup\u00e9s (tufting gun, cut-pile) et 100% en laine. Le dos est recouvert de feutrine dont les bordures sont cousues \u00e0 la main pour une finition parfaite. Chaque pi\u00e8ce est \u00e9galement munie d\u2019un d\u00e9 cousu au dos pour l\u2019exposer facilement au mur. Les mesures sont de 44x38cm (+\/- 1cm) Chaque pi\u00e8ce est unique et les reproductions -sur commande- pourront pr\u00e9senter de petites diff\u00e9rences avec l\u2019original. Pour toute commande d\u2019une pi\u00e8ce (non disponible en stock), compter 3 \u00e0 5 semaines pour la fabrication. Ne pas passer en machine ou \u00e0 l\u2019aspirateur. En cas de besoin, nettoyer d\u00e9licatement avec un linge humide (pas de produits d\u00e9tergents) ou passer un rouleau adh\u00e9sif pour textiles. Le transport peut aplatir ou d\u00e9former l\u00e9g\u00e8rement la laine, n\u2019h\u00e9sitez pas \u00e0 la r\u00e9arranger \u00e0 la main!\u00a0 Toute vente est d\u00e9finitive","og_url":"https:\/\/atelierdepassage.com\/index.php\/produit\/martin-pecheur\/","og_site_name":"atelierdepassage","article_modified_time":"2024-04-03T15:40:45+00:00","og_image":[{"width":2048,"height":2560,"url":"https:\/\/atelierdepassage.com\/wp-content\/uploads\/2024\/03\/oiseaurosemedsite-scaled.jpg","type":"image\/jpeg"}],"twitter_card":"summary_large_image","twitter_misc":{"Dur\u00e9e de lecture estim\u00e9e":"1 minute"},"schema":{"@context":"https:\/\/schema.org","@graph":[{"@type":"WebPage","@id":"https:\/\/atelierdepassage.com\/index.php\/produit\/martin-pecheur\/","url":"https:\/\/atelierdepassage.com\/index.php\/produit\/martin-pecheur\/","name":"Martin p\u00eacheur n\u00b01 - atelierdepassage","isPartOf":{"@id":"https:\/\/atelierdepassage.com\/#website"},"primaryImageOfPage":{"@id":"https:\/\/atelierdepassage.com\/index.php\/produit\/martin-pecheur\/#primaryimage"},"image":{"@id":"https:\/\/atelierdepassage.com\/index.php\/produit\/martin-pecheur\/#primaryimage"},"thumbnailUrl":"https:\/\/atelierdepassage.com\/wp-content\/uploads\/2024\/03\/oiseaurosemedsite-scaled.jpg","datePublished":"2024-02-03T13:49:17+00:00","dateModified":"2024-04-03T15:40:45+00:00","breadcrumb":{"@id":"https:\/\/atelierdepassage.com\/index.php\/produit\/martin-pecheur\/#breadcrumb"},"inLanguage":"fr-FR","potentialAction":[{"@type":"ReadAction","target":["https:\/\/atelierdepassage.com\/index.php\/produit\/martin-pecheur\/"]}]},{"@type":"ImageObject","inLanguage":"fr-FR","@id":"https:\/\/atelierdepassage.com\/index.php\/produit\/martin-pecheur\/#primaryimage","url":"https:\/\/atelierdepassage.com\/wp-content\/uploads\/2024\/03\/oiseaurosemedsite-scaled.jpg","contentUrl":"https:\/\/atelierdepassage.com\/wp-content\/uploads\/2024\/03\/oiseaurosemedsite-scaled.jpg","width":2048,"height":2560},{"@type":"BreadcrumbList","@id":"https:\/\/atelierdepassage.com\/index.php\/produit\/martin-pecheur\/#breadcrumb","itemListElement":[{"@type":"ListItem","position":1,"name":"Accueil","item":"https:\/\/atelierdepassage.com\/"},{"@type":"ListItem","position":2,"name":"Boutique","item":"https:\/\/atelierdepassage.com\/index.php\/boutique\/"},{"@type":"ListItem","position":3,"name":"Martin p\u00eacheur n\u00b01"}]},{"@type":"WebSite","@id":"https:\/\/atelierdepassage.com\/#website","url":"https:\/\/atelierdepassage.com\/","name":"atelierdepassage","description":"","publisher":{"@id":"https:\/\/atelierdepassage.com\/#organization"},"potentialAction":[{"@type":"SearchAction","target":{"@type":"EntryPoint","urlTemplate":"https:\/\/atelierdepassage.com\/?s={search_term_string}"},"query-input":"required name=search_term_string"}],"inLanguage":"fr-FR"},{"@type":"Organization","@id":"https:\/\/atelierdepassage.com\/#organization","name":"atelierdepassage","url":"https:\/\/atelierdepassage.com\/","logo":{"@type":"ImageObject","inLanguage":"fr-FR","@id":"https:\/\/atelierdepassage.com\/#\/schema\/logo\/image\/","url":"https:\/\/atelierdepassage.com\/wp-content\/uploads\/2024\/03\/cropped-logoadppetit.jpg","contentUrl":"https:\/\/atelierdepassage.com\/wp-content\/uploads\/2024\/03\/cropped-logoadppetit.jpg","width":999,"height":989,"caption":"atelierdepassage"},"image":{"@id":"https:\/\/atelierdepassage.com\/#\/schema\/logo\/image\/"}}]}},"_links":{"self":[{"href":"https:\/\/atelierdepassage.com\/index.php\/wp-json\/wp\/v2\/product\/94"}],"collection":[{"href":"https:\/\/atelierdepassage.com\/index.php\/wp-json\/wp\/v2\/product"}],"about":[{"href":"https:\/\/atelierdepassage.com\/index.php\/wp-json\/wp\/v2\/types\/product"}],"replies":[{"embeddable":true,"href":"https:\/\/atelierdepassage.com\/index.php\/wp-json\/wp\/v2\/comments?post=94"}],"wp:featuredmedia":[{"embeddable":true,"href":"https:\/\/atelierdepassage.com\/index.php\/wp-json\/wp\/v2\/media\/98"}],"wp:attachment":[{"href":"https:\/\/atelierdepassage.com\/index.php\/wp-json\/wp\/v2\/media?parent=94"}],"wp:term":[{"taxonomy":"product_cat","embeddable":true,"href":"https:\/\/atelierdepassage.com\/index.php\/wp-json\/wp\/v2\/product_cat?post=94"},{"taxonomy":"product_tag","embeddable":true,"href":"https:\/\/atelierdepassage.com\/index.php\/wp-json\/wp\/v2\/product_tag?post=94"}],"curies":[{"name":"wp","href":"https:\/\/api.w.org\/{rel}","templated":true}]}}